{"id":1081,"date":"2023-06-21T14:43:36","date_gmt":"2023-06-21T14:43:36","guid":{"rendered":"https:\/\/immobilienwelt.entwicklungen.info\/?page_id=1081"},"modified":"2023-11-09T14:01:57","modified_gmt":"2023-11-09T14:01:57","slug":"vorankuendigungen","status":"publish","type":"page","link":"https:\/\/immobilienwelt.com\/en\/vorankuendigungen\/","title":{"rendered":"Pre-Announce\u00adment"},"content":{"rendered":"<div data-elementor-type=\"wp-page\" data-elementor-id=\"1081\" class=\"elementor elementor-1081\" data-elementor-post-type=\"page\">\n\t\t\t\t\t\t<section class=\"elementor-section elementor-top-section elementor-element elementor-element-67232fe elementor-section-boxed elementor-section-height-default elementor-section-height-default\" data-id=\"67232fe\" data-element_type=\"section\" data-e-type=\"section\">\n\t\t\t\t\t\t<div class=\"elementor-container elementor-column-gap-default\">\n\t\t\t\t\t<div class=\"elementor-column elementor-col-100 elementor-top-column elementor-element elementor-element-45be893\" data-id=\"45be893\" data-element_type=\"column\" data-e-type=\"column\">\n\t\t\t<div class=\"elementor-widget-wrap elementor-element-populated\">\n\t\t\t\t\t\t<div class=\"elementor-element elementor-element-a17ef50 elementor-widget elementor-widget-heading\" data-id=\"a17ef50\" data-element_type=\"widget\" data-e-type=\"widget\" data-widget_type=\"heading.default\">\n\t\t\t\t<div class=\"elementor-widget-container\">\n\t\t\t\t\t<h1 class=\"elementor-heading-title elementor-size-default\">Pre-Announcement<\/h1>\t\t\t\t<\/div>\n\t\t\t\t<\/div>\n\t\t\t\t<div class=\"elementor-element elementor-element-3c310ba elementor-grid-3 elementor-grid-tablet-2 elementor-grid-mobile-1 elementor-posts--thumbnail-top elementor-widget elementor-widget-posts\" data-id=\"3c310ba\" data-element_type=\"widget\" data-e-type=\"widget\" data-settings=\"{&quot;pagination_type&quot;:&quot;numbers&quot;,&quot;classic_columns&quot;:&quot;3&quot;,&quot;classic_columns_tablet&quot;:&quot;2&quot;,&quot;classic_columns_mobile&quot;:&quot;1&quot;,&quot;classic_row_gap&quot;:{&quot;unit&quot;:&quot;px&quot;,&quot;size&quot;:35,&quot;sizes&quot;:[]},&quot;classic_row_gap_tablet&quot;:{&quot;unit&quot;:&quot;px&quot;,&quot;size&quot;:&quot;&quot;,&quot;sizes&quot;:[]},&quot;classic_row_gap_mobile&quot;:{&quot;unit&quot;:&quot;px&quot;,&quot;size&quot;:&quot;&quot;,&quot;sizes&quot;:[]}}\" data-widget_type=\"posts.classic\">\n\t\t\t\t<div class=\"elementor-widget-container\">\n\t\t\t\t\t\t\t<div class=\"elementor-posts-container elementor-posts elementor-posts--skin-classic elementor-grid\" role=\"list\">\n\t\t\t\t<article class=\"elementor-post elementor-grid-item post-2104 post type-post status-publish format-standard has-post-thumbnail hentry category-aktuelles tag-grundstueck tag-luxus tag-rottach-egern tag-tegernsee\" role=\"listitem\">\n\t\t\t\t<a class=\"elementor-post__thumbnail__link\" href=\"https:\/\/immobilienwelt.com\/en\/rottach-egern-bestlage\/\" tabindex=\"-1\">\n\t\t\t<div class=\"elementor-post__thumbnail\"><img fetchpriority=\"high\" decoding=\"async\" width=\"300\" height=\"248\" src=\"https:\/\/immobilienwelt.com\/wp-content\/uploads\/2025\/04\/Beide-Haeuser-Neu_Webseite_2-300x248.jpg\" class=\"attachment-medium size-medium wp-image-3422\" alt=\"40500_Bebauungsvorschlag\" srcset=\"https:\/\/immobilienwelt.com\/wp-content\/uploads\/2025\/04\/Beide-Haeuser-Neu_Webseite_2-300x248.jpg 300w, https:\/\/immobilienwelt.com\/wp-content\/uploads\/2025\/04\/Beide-Haeuser-Neu_Webseite_2-768x635.jpg 768w, https:\/\/immobilienwelt.com\/wp-content\/uploads\/2025\/04\/Beide-Haeuser-Neu_Webseite_2-15x12.jpg 15w, https:\/\/immobilienwelt.com\/wp-content\/uploads\/2025\/04\/Beide-Haeuser-Neu_Webseite_2.jpg 1024w\" sizes=\"(max-width: 300px) 100vw, 300px\"><\/div>\n\t\t<\/a>\n\t\t\t\t<div class=\"elementor-post__text\">\n\t\t\t\t<h3 class=\"elementor-post__title\">\n\t\t\t<a href=\"https:\/\/immobilienwelt.com\/en\/rottach-egern-bestlage\/\">\n\t\t\t\tRottach-Egern Prime Location - Exceptional building&nbsp;plot&nbsp;<\/a>\n\t\t<\/h3>\n\t\t\t\t<div class=\"elementor-post__meta-data\">\n\t\t\t\t\t<span class=\"elementor-post-date\">\n\t\t\t22. April&nbsp;2025&nbsp;<\/span>\n\t\t\t\t<\/div>\n\t\t\t\t<div class=\"elementor-post__excerpt\">\n\t\t\t<p>Excep\u00adtio\u00adnal buil\u00adding plot for two exclu\u00adsive coun\u00adtry houses or apart\u00adment buil\u00addings. The plot is in an abso\u00adlut\u00adely quiet loca\u00adtion with unob\u00ads\u00adtruc\u00adted moun\u00adtain views, just a&nbsp;few hundred meters from the village&nbsp;center<\/p>\n\t\t<\/div>\n\t\t\t\t\t<div class=\"elementor-post__read-more-wrapper\">\n\t\t\n\t\t<a class=\"elementor-post__read-more\" href=\"https:\/\/immobilienwelt.com\/en\/rottach-egern-bestlage\/\" aria-label=\"Read more about Rottach-Egern Bestlage \u2013 Au\u00dfergew\u00f6hnliches Baugrundst\u00fcck\" tabindex=\"-1\">\n\t\t\tRead more&nbsp;about&nbsp;<\/a>\n\n\t\t\t\t\t<\/div>\n\t\t\t\t<\/div>\n\t\t\t\t<\/article>\n\t\t\t\t<article class=\"elementor-post elementor-grid-item post-3204 post type-post status-publish format-standard has-post-thumbnail hentry category-aktuelles tag-luxuswohnung tag-tegernsee\" role=\"listitem\">\n\t\t\t\t<a class=\"elementor-post__thumbnail__link\" href=\"https:\/\/immobilienwelt.com\/en\/luxuswohnung-am-tegernsee\/\" tabindex=\"-1\">\n\t\t\t<div class=\"elementor-post__thumbnail\"><img decoding=\"async\" width=\"300\" height=\"196\" src=\"https:\/\/immobilienwelt.com\/wp-content\/uploads\/2023\/08\/KW_WOE_TEG_31102020-45_Web2-300x196.jpg\" class=\"attachment-medium size-medium wp-image-2137\" alt=\"Luxuswohnung am Tegernsee\" srcset=\"https:\/\/immobilienwelt.com\/wp-content\/uploads\/2023\/08\/KW_WOE_TEG_31102020-45_Web2-300x196.jpg 300w, https:\/\/immobilienwelt.com\/wp-content\/uploads\/2023\/08\/KW_WOE_TEG_31102020-45_Web2-768x501.jpg 768w, https:\/\/immobilienwelt.com\/wp-content\/uploads\/2023\/08\/KW_WOE_TEG_31102020-45_Web2-18x12.jpg 18w, https:\/\/immobilienwelt.com\/wp-content\/uploads\/2023\/08\/KW_WOE_TEG_31102020-45_Web2.jpg 1024w\" sizes=\"(max-width: 300px) 100vw, 300px\"><\/div>\n\t\t<\/a>\n\t\t\t\t<div class=\"elementor-post__text\">\n\t\t\t\t<h3 class=\"elementor-post__title\">\n\t\t\t<a href=\"https:\/\/immobilienwelt.com\/en\/luxuswohnung-am-tegernsee\/\">\n\t\t\t\tLuxury Apartment at Lake Tegernsee&nbsp;<\/a>\n\t\t<\/h3>\n\t\t\t\t<div class=\"elementor-post__meta-data\">\n\t\t\t\t\t<span class=\"elementor-post-date\">\n\t\t\t20. Janu\u00adary&nbsp;2025&nbsp;<\/span>\n\t\t\t\t<\/div>\n\t\t\t\t<div class=\"elementor-post__excerpt\">\n\t\t\t<p>Impres\u00adsive nature in front of the house and high-quality, natu\u00adral mate\u00adri\u00adals inside. Here you can sit on your terrace in the morning and enjoy your first coffee&nbsp;while<\/p>\n\t\t<\/div>\n\t\t\t\t\t<div class=\"elementor-post__read-more-wrapper\">\n\t\t\n\t\t<a class=\"elementor-post__read-more\" href=\"https:\/\/immobilienwelt.com\/en\/luxuswohnung-am-tegernsee\/\" aria-label=\"Read more about Luxuswohnung am Tegernsee\" tabindex=\"-1\">\n\t\t\tRead more&nbsp;about&nbsp;<\/a>\n\n\t\t\t\t\t<\/div>\n\t\t\t\t<\/div>\n\t\t\t\t<\/article>\n\t\t\t\t<\/div>\n\t\t\n\t\t\t\t\t\t<\/div>\n\t\t\t\t<\/div>\n\t\t\t\t<div class=\"elementor-element elementor-element-0565a31 elementor-widget elementor-widget-heading\" data-id=\"0565a31\" data-element_type=\"widget\" data-e-type=\"widget\" data-widget_type=\"heading.default\">\n\t\t\t\t<div class=\"elementor-widget-container\">\n\t\t\t\t\t<h2 class=\"elementor-heading-title elementor-size-default\">Get in touch with&nbsp;us!<\/h2>\t\t\t\t<\/div>\n\t\t\t\t<\/div>\n\t\t\t\t<div class=\"elementor-element elementor-element-a2d836c elementor-align-center elementor-widget elementor-widget-button\" data-id=\"a2d836c\" data-element_type=\"widget\" data-e-type=\"widget\" data-widget_type=\"button.default\">\n\t\t\t\t<div class=\"elementor-widget-container\">\n\t\t\t\t\t\t\t\t\t<div class=\"elementor-button-wrapper\">\n\t\t\t\t\t<a class=\"elementor-button elementor-button-link elementor-size-sm\" href=\"mailto:info@immobilienwelt.com\">\n\t\t\t\t\t\t<span class=\"elementor-button-content-wrapper\">\n\t\t\t\t\t\t\t\t\t<span class=\"elementor-button-text\">Cont\u00adact<\/span>\n\t\t\t\t\t<\/span>\n\t\t\t\t\t<\/a>\n\t\t\t\t<\/div>\n\t\t\t\t\t\t\t\t<\/div>\n\t\t\t\t<\/div>\n\t\t\t\t\t<\/div>\n\t\t<\/div>\n\t\t\t\t\t<\/div>\n\t\t<\/section>\n\t\t\t\t<\/div>","protected":false},"excerpt":{"rendered":"<p>Vorank\u00fcn\u00addi\u00adgun\u00adgen Nehmen Sie gerne Kontakt mit uns auf! Kontakt<\/p>","protected":false},"author":1,"featured_media":0,"parent":0,"menu_order":0,"comment_status":"closed","ping_status":"closed","template":"","meta":{"_acf_changed":false,"wp_typography_post_enhancements_disabled":false,"footnotes":""},"class_list":["post-1081","page","type-page","status-publish","hentry"],"acf":[],"_links":{"self":[{"href":"https:\/\/immobilienwelt.com\/en\/wp-json\/wp\/v2\/pages\/1081","targetHints":{"allow":["GET"]}}],"collection":[{"href":"https:\/\/immobilienwelt.com\/en\/wp-json\/wp\/v2\/pages"}],"about":[{"href":"https:\/\/immobilienwelt.com\/en\/wp-json\/wp\/v2\/types\/page"}],"author":[{"embeddable":true,"href":"https:\/\/immobilienwelt.com\/en\/wp-json\/wp\/v2\/users\/1"}],"replies":[{"embeddable":true,"href":"https:\/\/immobilienwelt.com\/en\/wp-json\/wp\/v2\/comments?post=1081"}],"version-history":[{"count":34,"href":"https:\/\/immobilienwelt.com\/en\/wp-json\/wp\/v2\/pages\/1081\/revisions"}],"predecessor-version":[{"id":2793,"href":"https:\/\/immobilienwelt.com\/en\/wp-json\/wp\/v2\/pages\/1081\/revisions\/2793"}],"wp:attachment":[{"href":"https:\/\/immobilienwelt.com\/en\/wp-json\/wp\/v2\/media?parent=1081"}],"curies":[{"name":"wp","href":"https:\/\/api.w.org\/{rel}","templated":true}]}}