{"id":1662,"date":"2023-07-14T09:06:49","date_gmt":"2023-07-14T09:06:49","guid":{"rendered":"https:\/\/immobilienwelt.entwicklungen.info\/?page_id=1662"},"modified":"2023-07-25T20:11:25","modified_gmt":"2023-07-25T20:11:25","slug":"immobilien-suchergebnisse","status":"publish","type":"page","link":"https:\/\/immobilienwelt.com\/en\/immobilien-suchergebnisse\/","title":{"rendered":"Immo\u00adbi\u00adlien Suchergebnisse"},"content":{"rendered":"\t\t<div data-elementor-type=\"wp-page\" data-elementor-id=\"1662\" class=\"elementor elementor-1662\" data-elementor-post-type=\"page\">\n\t\t\t\t\t\t<section class=\"elementor-section elementor-top-section elementor-element elementor-element-4ce6a1a elementor-section-boxed elementor-section-height-default elementor-section-height-default\" data-id=\"4ce6a1a\" data-element_type=\"section\" data-e-type=\"section\">\n\t\t\t\t\t\t<div class=\"elementor-container elementor-column-gap-default\">\n\t\t\t\t\t<div class=\"elementor-column elementor-col-100 elementor-top-column elementor-element elementor-element-ee9632c\" data-id=\"ee9632c\" data-element_type=\"column\" data-e-type=\"column\">\n\t\t\t<div class=\"elementor-widget-wrap elementor-element-populated\">\n\t\t\t\t\t\t<div class=\"elementor-element elementor-element-1b6400f elementor-widget elementor-widget-heading\" data-id=\"1b6400f\" data-element_type=\"widget\" data-e-type=\"widget\" data-widget_type=\"heading.default\">\n\t\t\t\t<div class=\"elementor-widget-container\">\n\t\t\t\t\t<h1 class=\"elementor-heading-title elementor-size-default\">Alle Immobilien<\/h1>\t\t\t\t<\/div>\n\t\t\t\t<\/div>\n\t\t\t\t<div class=\"elementor-element elementor-element-70b1cc4 elementor-widget elementor-widget-property_list\" data-id=\"70b1cc4\" data-element_type=\"widget\" data-e-type=\"widget\" data-widget_type=\"property_list.default\">\n\t\t\t\t<div class=\"elementor-widget-container\">\n\t\t\t\t\t\r\n                <div class=\"pl\">\r\n            <div class=\"pl__filters\">\r\n                <div class=\"js-pl-filter-dropdown pl__filter-dropdown pl__filter-dropdown--locations\">\r\n                    <a class=\"js-pl-filter-toggle pl__filter-toggle\"\r\n                       href=\"javascript:void(0)\">ORT <span\r\n                                class=\"js-pl-filter-counter pl__filter-counter\"><\/span><\/a>\r\n                    <ul class=\"js-pl-filter-dropdown-list pl__filter-list\">\r\n                                                                                                                                        <li class=\"js-pl-filter-location pl__filter-item\"\r\n                                    data-location=\"gmund\">Gmund<\/li>\r\n                                                                                                                                                                        <li class=\"js-pl-filter-location pl__filter-item\"\r\n                                    data-location=\"rottach_egern\">Rottach-Egern<\/li>\r\n                                                                                                                                                                                                                                                                                    <li class=\"js-pl-filter-location pl__filter-item\"\r\n                                    data-location=\"schotten\">Schotten b. Frankfurt<\/li>\r\n                                                                                                                                                                        <li class=\"js-pl-filter-location pl__filter-item\"\r\n                                    data-location=\"tegernsee\">Tegernsee<\/li>\r\n                                                                                                                                                                                                                                                                                    <li class=\"js-pl-filter-location pl__filter-item\"\r\n                                    data-location=\"gauting\">Gauting<\/li>\r\n                                                                                                                                                                                                                <\/ul>\r\n                <\/div>\r\n                <div class=\"js-pl-filter-dropdown pl__filter-dropdown pl__filter-dropdown--categories\">\r\n                    <a class=\"js-pl-filter-toggle pl__filter-toggle\"\r\n                       href=\"javacript:void(0)\">KATEGORIE <span\r\n                                class=\"js-pl-filter-counter pl__filter-counter\"><\/span><\/a>\r\n                    <ul class=\"property-list-filter-categories pl__filter-list\">\r\n                                                    <li class=\"js-pl-filter-category pl__filter-item\"\r\n                                data-category=\"22\"\r\n                                data-category-slug=\"gewerbe\">Gewerbe<\/li>\r\n                                                    <li class=\"js-pl-filter-category pl__filter-item\"\r\n                                data-category=\"23\"\r\n                                data-category-slug=\"grundstuecke\">Grundst\u00fccke<\/li>\r\n                                                    <li class=\"js-pl-filter-category pl__filter-item\"\r\n                                data-category=\"20\"\r\n                                data-category-slug=\"haeuser\">H\u00e4user<\/li>\r\n                                                    <li class=\"js-pl-filter-category pl__filter-item\"\r\n                                data-category=\"21\"\r\n                                data-category-slug=\"wohnungen\">Wohnungen<\/li>\r\n                                            <\/ul>\r\n                <\/div>\r\n                <form class=\"js-pl-filter-price pl__filter-price\">\r\n                    <p class=\"pl__filter-price-label\">PREIS<\/p>\r\n                    <input id=\"js-pl-filter-price-min\"\r\n                           class=\"pl__filter-price-min\"\r\n                           placeholder=\"von\"\r\n                           type=\"number\"\r\n                           onkeydown=\"if(event.key==='.'){event.preventDefault();}\"\r\n                           oninput=\"event.target.value = event.target.value.replace(\/[^0-9]*\/g,'');\">\r\n                    <input id=\"js-pl-filter-price-max\"\r\n                           class=\"pl__filter-price-max\"\r\n                           placeholder=\"bis\"\r\n                           type=\"number\"\r\n                           onkeydown=\"if(event.key==='.'){event.preventDefault();}\"\r\n                           oninput=\"event.target.value = event.target.value.replace(\/[^0-9]*\/g,'');\">\r\n                    <button class=\"js-pl-filter-price-button pl__filter-price-button\">OK<\/button>\r\n                <\/form>\r\n            <\/div>\r\n            <div class=\"js-loading-animation loading-animation\"><\/div>\r\n            <div class=\"js-list-error pl__list-error\">\r\n                <p class=\"pl__list-error-label\">Es wurden keine Objekte zu Ihren ausgew\u00e4hlten Kriterien gefunden<\/p>\r\n                <button class=\"pl__list-error-reset js-list-reset\">Alle Immobilen Ansehen<\/button>\r\n            <\/div>\r\n            <div class=\"js-pl-list pl__list\">\r\n                                    <a class=\"pl__list__item\" href=\"https:\/\/immobilienwelt.com\/en\/immobilien\/lt-10500-attraktives-landhaus-gmund\/\">\r\n                        <div class=\"pl__list__item__info\">\r\n                                                            <p class=\"pl__list__item__location\">\r\n                                    <svg version=\"1.1\" id=\"Layer_1\" xmlns=\"http:\/\/www.w3.org\/2000\/svg\"\r\n                                         xmlns:xlink=\"http:\/\/www.w3.org\/1999\/xlink\" x=\"0px\" y=\"0px\"\r\n                                         viewBox=\"0 0 552 802\" style=\"enable-background:new 0 0 552 802;\"\r\n                                         xml:space=\"preserve\">\r\n                                        <path d=\"M552,275.8C552,123.5,428.5,0,276,0S0,123.5,0,275.8c0,43.5,10.1,85.5,29.1,123.5c0.3,1.1,0.8,2.2,1.4,3.2l219.6,382.9\r\n                                            c12.7,22.2,38.9,22.2,51.6,0l217.8-379.8c0.5-0.9,0.9-1.8,1.2-2.7c0.4-0.6,0.8-1.2,1.1-1.8C541.6,362.6,552,319.9,552,275.8z\r\n                                             M276,766.1L61.7,392.5c0-0.1-0.1-0.2-0.1-0.3l0,0C42.3,356.8,32,317.1,32,275.8C32,141.1,141.2,32,276,32s244,109.1,244,243.8\r\n                                            c0,39.1-9.2,76.8-26.6,110.8c-0.3,0.7-0.6,1.3-0.8,2c-0.3,0.4-0.5,0.7-0.7,1.1L276,766.1z\"\/>\r\n                                        <path d=\"M357.7,275.2c0-45-36.6-81.6-81.6-81.6c-45.1,0-81.6,36.5-81.6,81.6s36.5,81.6,81.6,81.6\r\n                                            C321.1,356.7,357.7,320.2,357.7,275.2z M389.7,275.2c0,62.7-50.9,113.6-113.6,113.6c-62.8,0-113.6-50.8-113.6-113.6\r\n                                            S213.3,161.6,276,161.6C338.8,161.6,389.7,212.5,389.7,275.2z\"\/>\r\n                                    <\/svg>\r\n                                    Gmund<\/p>\r\n                                                                                                                                                                                            <p class=\"pl__list__item__price\">\r\n                                        \u20ac 1.850.000<\/p>\r\n                                                                                    <\/div>\r\n                        <div class=\"pl__list__item__img\">\r\n                            <img decoding=\"async\" src=\"https:\/\/immobilienwelt.com\/wp-content\/uploads\/2025\/03\/10500_25.jpg\">\r\n                        <\/div>\r\n                        <h3 class=\"pl__list__item__title\"><!---10500--->Attraktives Landhaus<br>in Gmund am Tegernsee<\/h3>\r\n                    <\/a>\r\n                                    <a class=\"pl__list__item\" href=\"https:\/\/immobilienwelt.com\/en\/immobilien\/grundstueck-am-tegernsee\/\">\r\n                        <div class=\"pl__list__item__info\">\r\n                                                            <p class=\"pl__list__item__location\">\r\n                                    <svg version=\"1.1\" id=\"Layer_1\" xmlns=\"http:\/\/www.w3.org\/2000\/svg\"\r\n                                         xmlns:xlink=\"http:\/\/www.w3.org\/1999\/xlink\" x=\"0px\" y=\"0px\"\r\n                                         viewBox=\"0 0 552 802\" style=\"enable-background:new 0 0 552 802;\"\r\n                                         xml:space=\"preserve\">\r\n                                        <path d=\"M552,275.8C552,123.5,428.5,0,276,0S0,123.5,0,275.8c0,43.5,10.1,85.5,29.1,123.5c0.3,1.1,0.8,2.2,1.4,3.2l219.6,382.9\r\n                                            c12.7,22.2,38.9,22.2,51.6,0l217.8-379.8c0.5-0.9,0.9-1.8,1.2-2.7c0.4-0.6,0.8-1.2,1.1-1.8C541.6,362.6,552,319.9,552,275.8z\r\n                                             M276,766.1L61.7,392.5c0-0.1-0.1-0.2-0.1-0.3l0,0C42.3,356.8,32,317.1,32,275.8C32,141.1,141.2,32,276,32s244,109.1,244,243.8\r\n                                            c0,39.1-9.2,76.8-26.6,110.8c-0.3,0.7-0.6,1.3-0.8,2c-0.3,0.4-0.5,0.7-0.7,1.1L276,766.1z\"\/>\r\n                                        <path d=\"M357.7,275.2c0-45-36.6-81.6-81.6-81.6c-45.1,0-81.6,36.5-81.6,81.6s36.5,81.6,81.6,81.6\r\n                                            C321.1,356.7,357.7,320.2,357.7,275.2z M389.7,275.2c0,62.7-50.9,113.6-113.6,113.6c-62.8,0-113.6-50.8-113.6-113.6\r\n                                            S213.3,161.6,276,161.6C338.8,161.6,389.7,212.5,389.7,275.2z\"\/>\r\n                                    <\/svg>\r\n                                    Rottach-Egern<\/p>\r\n                                                                                                                                                                                            <p class=\"pl__list__item__price\">\r\n                                        \u20ac 4.950.000<\/p>\r\n                                                                                    <\/div>\r\n                        <div class=\"pl__list__item__img\">\r\n                            <img decoding=\"async\" src=\"https:\/\/immobilienwelt.com\/wp-content\/uploads\/2025\/03\/2-MFH-mit-2-Einheiten-und-3-Einheiten_22.09_Webseite-1.jpg\">\r\n                        <\/div>\r\n                        <h3 class=\"pl__list__item__title\"><!---40150--->Rottach-Egern Bestlage<br>Grundst\u00fcck mit altem Landhaus<\/h3>\r\n                    <\/a>\r\n                                    <a class=\"pl__list__item\" href=\"https:\/\/immobilienwelt.com\/en\/immobilien\/aussergewoehnliches-baugrundstueck\/\">\r\n                        <div class=\"pl__list__item__info\">\r\n                                                            <p class=\"pl__list__item__location\">\r\n                                    <svg version=\"1.1\" id=\"Layer_1\" xmlns=\"http:\/\/www.w3.org\/2000\/svg\"\r\n                                         xmlns:xlink=\"http:\/\/www.w3.org\/1999\/xlink\" x=\"0px\" y=\"0px\"\r\n                                         viewBox=\"0 0 552 802\" style=\"enable-background:new 0 0 552 802;\"\r\n                                         xml:space=\"preserve\">\r\n                                        <path d=\"M552,275.8C552,123.5,428.5,0,276,0S0,123.5,0,275.8c0,43.5,10.1,85.5,29.1,123.5c0.3,1.1,0.8,2.2,1.4,3.2l219.6,382.9\r\n                                            c12.7,22.2,38.9,22.2,51.6,0l217.8-379.8c0.5-0.9,0.9-1.8,1.2-2.7c0.4-0.6,0.8-1.2,1.1-1.8C541.6,362.6,552,319.9,552,275.8z\r\n                                             M276,766.1L61.7,392.5c0-0.1-0.1-0.2-0.1-0.3l0,0C42.3,356.8,32,317.1,32,275.8C32,141.1,141.2,32,276,32s244,109.1,244,243.8\r\n                                            c0,39.1-9.2,76.8-26.6,110.8c-0.3,0.7-0.6,1.3-0.8,2c-0.3,0.4-0.5,0.7-0.7,1.1L276,766.1z\"\/>\r\n                                        <path d=\"M357.7,275.2c0-45-36.6-81.6-81.6-81.6c-45.1,0-81.6,36.5-81.6,81.6s36.5,81.6,81.6,81.6\r\n                                            C321.1,356.7,357.7,320.2,357.7,275.2z M389.7,275.2c0,62.7-50.9,113.6-113.6,113.6c-62.8,0-113.6-50.8-113.6-113.6\r\n                                            S213.3,161.6,276,161.6C338.8,161.6,389.7,212.5,389.7,275.2z\"\/>\r\n                                    <\/svg>\r\n                                    Rottach-Egern<\/p>\r\n                                                                                                                    <p class=\"pl__list__item__price\"><\/p>\r\n                                                    <\/div>\r\n                        <div class=\"pl__list__item__img\">\r\n                            <img decoding=\"async\" src=\"https:\/\/immobilienwelt.com\/wp-content\/uploads\/2025\/04\/Beide-Haeuser-Neu_Webseite_2.jpg\">\r\n                        <\/div>\r\n                        <h3 class=\"pl__list__item__title\"><!---40500--->Rottach-Egern &#8211; Au\u00dfergew\u00f6hnliches Baugrundst\u00fcck<\/h3>\r\n                    <\/a>\r\n                                    <a class=\"pl__list__item\" href=\"https:\/\/immobilienwelt.com\/en\/immobilien\/greenliving-schotten\/\">\r\n                        <div class=\"pl__list__item__info\">\r\n                                                            <p class=\"pl__list__item__location\">\r\n                                    <svg version=\"1.1\" id=\"Layer_1\" xmlns=\"http:\/\/www.w3.org\/2000\/svg\"\r\n                                         xmlns:xlink=\"http:\/\/www.w3.org\/1999\/xlink\" x=\"0px\" y=\"0px\"\r\n                                         viewBox=\"0 0 552 802\" style=\"enable-background:new 0 0 552 802;\"\r\n                                         xml:space=\"preserve\">\r\n                                        <path d=\"M552,275.8C552,123.5,428.5,0,276,0S0,123.5,0,275.8c0,43.5,10.1,85.5,29.1,123.5c0.3,1.1,0.8,2.2,1.4,3.2l219.6,382.9\r\n                                            c12.7,22.2,38.9,22.2,51.6,0l217.8-379.8c0.5-0.9,0.9-1.8,1.2-2.7c0.4-0.6,0.8-1.2,1.1-1.8C541.6,362.6,552,319.9,552,275.8z\r\n                                             M276,766.1L61.7,392.5c0-0.1-0.1-0.2-0.1-0.3l0,0C42.3,356.8,32,317.1,32,275.8C32,141.1,141.2,32,276,32s244,109.1,244,243.8\r\n                                            c0,39.1-9.2,76.8-26.6,110.8c-0.3,0.7-0.6,1.3-0.8,2c-0.3,0.4-0.5,0.7-0.7,1.1L276,766.1z\"\/>\r\n                                        <path d=\"M357.7,275.2c0-45-36.6-81.6-81.6-81.6c-45.1,0-81.6,36.5-81.6,81.6s36.5,81.6,81.6,81.6\r\n                                            C321.1,356.7,357.7,320.2,357.7,275.2z M389.7,275.2c0,62.7-50.9,113.6-113.6,113.6c-62.8,0-113.6-50.8-113.6-113.6\r\n                                            S213.3,161.6,276,161.6C338.8,161.6,389.7,212.5,389.7,275.2z\"\/>\r\n                                    <\/svg>\r\n                                    Schotten b. Frankfurt<\/p>\r\n                                                                                                                    <p class=\"pl__list__item__price\"><\/p>\r\n                                                    <\/div>\r\n                        <div class=\"pl__list__item__img\">\r\n                            <img decoding=\"async\" src=\"https:\/\/immobilienwelt.com\/wp-content\/uploads\/2024\/11\/Greenliving-Wohnhaus.jpg\">\r\n                        <\/div>\r\n                        <h3 class=\"pl__list__item__title\"><!---60080--->Greenliving<br>Leben im Herzen Schottens<\/h3>\r\n                    <\/a>\r\n                                    <a class=\"pl__list__item\" href=\"https:\/\/immobilienwelt.com\/en\/immobilien\/luxuswohnung-am-tegernsee\/\">\r\n                        <div class=\"pl__list__item__info\">\r\n                                                            <p class=\"pl__list__item__location\">\r\n                                    <svg version=\"1.1\" id=\"Layer_1\" xmlns=\"http:\/\/www.w3.org\/2000\/svg\"\r\n                                         xmlns:xlink=\"http:\/\/www.w3.org\/1999\/xlink\" x=\"0px\" y=\"0px\"\r\n                                         viewBox=\"0 0 552 802\" style=\"enable-background:new 0 0 552 802;\"\r\n                                         xml:space=\"preserve\">\r\n                                        <path d=\"M552,275.8C552,123.5,428.5,0,276,0S0,123.5,0,275.8c0,43.5,10.1,85.5,29.1,123.5c0.3,1.1,0.8,2.2,1.4,3.2l219.6,382.9\r\n                                            c12.7,22.2,38.9,22.2,51.6,0l217.8-379.8c0.5-0.9,0.9-1.8,1.2-2.7c0.4-0.6,0.8-1.2,1.1-1.8C541.6,362.6,552,319.9,552,275.8z\r\n                                             M276,766.1L61.7,392.5c0-0.1-0.1-0.2-0.1-0.3l0,0C42.3,356.8,32,317.1,32,275.8C32,141.1,141.2,32,276,32s244,109.1,244,243.8\r\n                                            c0,39.1-9.2,76.8-26.6,110.8c-0.3,0.7-0.6,1.3-0.8,2c-0.3,0.4-0.5,0.7-0.7,1.1L276,766.1z\"\/>\r\n                                        <path d=\"M357.7,275.2c0-45-36.6-81.6-81.6-81.6c-45.1,0-81.6,36.5-81.6,81.6s36.5,81.6,81.6,81.6\r\n                                            C321.1,356.7,357.7,320.2,357.7,275.2z M389.7,275.2c0,62.7-50.9,113.6-113.6,113.6c-62.8,0-113.6-50.8-113.6-113.6\r\n                                            S213.3,161.6,276,161.6C338.8,161.6,389.7,212.5,389.7,275.2z\"\/>\r\n                                    <\/svg>\r\n                                    Tegernsee<\/p>\r\n                                                                                                                    <p class=\"pl__list__item__price\"><\/p>\r\n                                                    <\/div>\r\n                        <div class=\"pl__list__item__img\">\r\n                            <img decoding=\"async\" src=\"https:\/\/immobilienwelt.com\/wp-content\/uploads\/2024\/03\/6_web.jpg\">\r\n                        <\/div>\r\n                        <h3 class=\"pl__list__item__title\"><!---30250--->Luxuswohnung am Tegernsee<\/h3>\r\n                    <\/a>\r\n                                    <a class=\"pl__list__item\" href=\"https:\/\/immobilienwelt.com\/en\/immobilien\/zu-vermieten-gartenwohnung\/\">\r\n                        <div class=\"pl__list__item__info\">\r\n                                                            <p class=\"pl__list__item__location\">\r\n                                    <svg version=\"1.1\" id=\"Layer_1\" xmlns=\"http:\/\/www.w3.org\/2000\/svg\"\r\n                                         xmlns:xlink=\"http:\/\/www.w3.org\/1999\/xlink\" x=\"0px\" y=\"0px\"\r\n                                         viewBox=\"0 0 552 802\" style=\"enable-background:new 0 0 552 802;\"\r\n                                         xml:space=\"preserve\">\r\n                                        <path d=\"M552,275.8C552,123.5,428.5,0,276,0S0,123.5,0,275.8c0,43.5,10.1,85.5,29.1,123.5c0.3,1.1,0.8,2.2,1.4,3.2l219.6,382.9\r\n                                            c12.7,22.2,38.9,22.2,51.6,0l217.8-379.8c0.5-0.9,0.9-1.8,1.2-2.7c0.4-0.6,0.8-1.2,1.1-1.8C541.6,362.6,552,319.9,552,275.8z\r\n                                             M276,766.1L61.7,392.5c0-0.1-0.1-0.2-0.1-0.3l0,0C42.3,356.8,32,317.1,32,275.8C32,141.1,141.2,32,276,32s244,109.1,244,243.8\r\n                                            c0,39.1-9.2,76.8-26.6,110.8c-0.3,0.7-0.6,1.3-0.8,2c-0.3,0.4-0.5,0.7-0.7,1.1L276,766.1z\"\/>\r\n                                        <path d=\"M357.7,275.2c0-45-36.6-81.6-81.6-81.6c-45.1,0-81.6,36.5-81.6,81.6s36.5,81.6,81.6,81.6\r\n                                            C321.1,356.7,357.7,320.2,357.7,275.2z M389.7,275.2c0,62.7-50.9,113.6-113.6,113.6c-62.8,0-113.6-50.8-113.6-113.6\r\n                                            S213.3,161.6,276,161.6C338.8,161.6,389.7,212.5,389.7,275.2z\"\/>\r\n                                    <\/svg>\r\n                                    Rottach-Egern<\/p>\r\n                                                                                                                                                                                            <p class=\"pl__list__item__price\">\r\n                                        \u20ac 2.550<\/p>\r\n                                                                                    <\/div>\r\n                        <div class=\"pl__list__item__img\">\r\n                            <img decoding=\"async\" src=\"https:\/\/immobilienwelt.com\/wp-content\/uploads\/2024\/04\/31_vermietet2-2.jpg\">\r\n                        <\/div>\r\n                        <h3 class=\"pl__list__item__title\"><!---80327--->Zu vermieten: Sch\u00f6ne Gartenwohnung mit Souterrain<\/h3>\r\n                    <\/a>\r\n                                            <\/div>\r\n            <div class=\"pl__pagination\">\r\n                <span aria-current=\"page\" class=\"page-numbers current\">1<\/span>\n<a class=\"page-numbers\" href=\"https:\/\/immobilienwelt.com\/en\/wp-json\/wp\/v2\/pages\/1662\/page\/2\/\" data-page=\"2\">2<\/a>\n<a class=\"next page-numbers\" href=\"https:\/\/immobilienwelt.com\/en\/wp-json\/wp\/v2\/pages\/1662\/page\/2\/\" data-page=\"2\" rel=\"next\">><\/a>            <\/div>\r\n        <\/div>\r\n        <!-- After looping trough every item, we store min and max value from all results.\r\n        Those fields should be hidden on front end. We use them only because of javascript so we can pull those prices. -->\r\n\r\n        <p id=\"js-pl-list-min-price\" class=\"pl__list__min-price\">0<\/p>\r\n        <p id=\"js-pl-list-max-price\" class=\"pl__list__max-price\">1000000000<\/p>\r\n        <p id=\"js-pl-price-on-request\" class=\"pl__price-on-request\"><\/p>\r\n        \t\t\t\t<\/div>\n\t\t\t\t<\/div>\n\t\t\t\t\t<\/div>\n\t\t<\/div>\n\t\t\t\t\t<\/div>\n\t\t<\/section>\n\t\t\t\t<\/div>\n\t\t","protected":false},"excerpt":{"rendered":"<p>Alle Immobilien ORT Chiemgau Rottach-Egern Tegernsee \u00d6sterreich KATEGORIE Besondere Immobilien Gewerbe Grundst\u00fccke H\u00e4user Wohnungen PREIS OK Es wurden keine Objekte zu Ihren ausgew\u00e4hlten Kriterien gefunden Alle Immobilen Ansehen Chiemgau \u20ac 450.000 Immo 5 Rottach-Egern \u20ac 600.000 Landhausvilla &#8211; Dachgeschoss Wohnung 7.3 Tegernsee \u20ac 2.720.000 Historische Villa &#8211; Wohnung 5.1. Rottach-Egern \u20ac 100.000 Neubauprojekt &#8220;K\u00f6nigsblick am [&hellip;]<\/p>\n","protected":false},"author":1,"featured_media":0,"parent":0,"menu_order":0,"comment_status":"closed","ping_status":"closed","template":"","meta":{"_acf_changed":false,"wp_typography_post_enhancements_disabled":false,"footnotes":""},"class_list":["post-1662","page","type-page","status-publish","hentry"],"acf":[],"_links":{"self":[{"href":"https:\/\/immobilienwelt.com\/en\/wp-json\/wp\/v2\/pages\/1662","targetHints":{"allow":["GET"]}}],"collection":[{"href":"https:\/\/immobilienwelt.com\/en\/wp-json\/wp\/v2\/pages"}],"about":[{"href":"https:\/\/immobilienwelt.com\/en\/wp-json\/wp\/v2\/types\/page"}],"author":[{"embeddable":true,"href":"https:\/\/immobilienwelt.com\/en\/wp-json\/wp\/v2\/users\/1"}],"replies":[{"embeddable":true,"href":"https:\/\/immobilienwelt.com\/en\/wp-json\/wp\/v2\/comments?post=1662"}],"version-history":[{"count":22,"href":"https:\/\/immobilienwelt.com\/en\/wp-json\/wp\/v2\/pages\/1662\/revisions"}],"predecessor-version":[{"id":1995,"href":"https:\/\/immobilienwelt.com\/en\/wp-json\/wp\/v2\/pages\/1662\/revisions\/1995"}],"wp:attachment":[{"href":"https:\/\/immobilienwelt.com\/en\/wp-json\/wp\/v2\/media?parent=1662"}],"curies":[{"name":"wp","href":"https:\/\/api.w.org\/{rel}","templated":true}]}}