{"id":298,"date":"2023-05-18T17:54:34","date_gmt":"2023-05-18T17:54:34","guid":{"rendered":"https:\/\/immobilienwelt.entwicklungen.info\/?page_id=298"},"modified":"2023-10-11T11:18:29","modified_gmt":"2023-10-11T11:18:29","slug":"immobilienprojekte","status":"publish","type":"page","link":"https:\/\/immobilienwelt.com\/en\/immobilienprojekte\/","title":{"rendered":"Real Estate Projects"},"content":{"rendered":"\t\t<div data-elementor-type=\"wp-page\" data-elementor-id=\"298\" class=\"elementor elementor-298\" data-elementor-post-type=\"page\">\n\t\t\t\t\t\t<section class=\"elementor-section elementor-top-section elementor-element elementor-element-8434cac elementor-section-boxed elementor-section-height-default elementor-section-height-default\" data-id=\"8434cac\" data-element_type=\"section\" data-e-type=\"section\">\n\t\t\t\t\t\t<div class=\"elementor-container elementor-column-gap-default\">\n\t\t\t\t\t<div class=\"elementor-column elementor-col-100 elementor-top-column elementor-element elementor-element-c92f910\" data-id=\"c92f910\" data-element_type=\"column\" data-e-type=\"column\">\n\t\t\t<div class=\"elementor-widget-wrap elementor-element-populated\">\n\t\t\t\t\t\t<div class=\"elementor-element elementor-element-a0f4420 elementor-hidden-mobile elementor-widget elementor-widget-heading\" data-id=\"a0f4420\" data-element_type=\"widget\" data-e-type=\"widget\" data-widget_type=\"heading.default\">\n\t\t\t\t<div class=\"elementor-widget-container\">\n\t\t\t\t\t<h1 class=\"elementor-heading-title elementor-size-default\">Immobilienprojekte<\/h1>\t\t\t\t<\/div>\n\t\t\t\t<\/div>\n\t\t\t\t<div class=\"elementor-element elementor-element-a810a1c elementor-hidden-desktop elementor-hidden-tablet elementor-widget elementor-widget-heading\" data-id=\"a810a1c\" data-element_type=\"widget\" data-e-type=\"widget\" data-widget_type=\"heading.default\">\n\t\t\t\t<div class=\"elementor-widget-container\">\n\t\t\t\t\t<h1 class=\"elementor-heading-title elementor-size-default\">Immobilien-<br>projekte<\/h1>\t\t\t\t<\/div>\n\t\t\t\t<\/div>\n\t\t\t\t<div class=\"elementor-element elementor-element-10fa53c elementor-widget elementor-widget-projects_list\" data-id=\"10fa53c\" data-element_type=\"widget\" data-e-type=\"widget\" data-widget_type=\"projects_list.default\">\n\t\t\t\t<div class=\"elementor-widget-container\">\n\t\t\t\t\t\r\n                <div class=\"pl\">\r\n            <div class=\"js-pl-list pl__list\">\r\n                                                        <a class=\"pl__list__item\" href=\"https:\/\/immobilienwelt.com\/en\/projekte\/vorankuendigung2-exklusive-landhaeuser-in-rottach-egern\/\">\r\n                        <div class=\"pl__list__item__img\">\r\n                            <img decoding=\"async\" src=\"https:\/\/immobilienwelt.com\/wp-content\/uploads\/2023\/10\/2-MFH-mit-2-Einheiten-und-3-Einheiten_22.09_klein-1.jpg\">\r\n                                                    <\/div>\r\n                        <h3 class=\"pl__list__item__title\"><!---50150--->Vorank\u00fcndigung<br>2 Exklusive Landh\u00e4user in Rottach-Egern<\/h3>\r\n                    <\/a>\r\n                                                        <a class=\"pl__list__item\" href=\"https:\/\/immobilienwelt.com\/en\/projekte\/neubauprojekt-kaiserblick-am-tegernsee\/\">\r\n                        <div class=\"pl__list__item__img\">\r\n                            <img decoding=\"async\" src=\"https:\/\/immobilienwelt.com\/wp-content\/uploads\/2023\/06\/3756-Aussen-Stp_09-Tag-03_weitwinkl_Webseite.jpg\">\r\n                                                    <\/div>\r\n                        <h3 class=\"pl__list__item__title\"><!---50070--->Neubauprojekt &#8222;Kaiserblick am Tegernsee&#8220;<\/h3>\r\n                    <\/a>\r\n                            <\/div>\r\n        <\/div>\r\n        \t\t\t\t<\/div>\n\t\t\t\t<\/div>\n\t\t\t\t\t<\/div>\n\t\t<\/div>\n\t\t\t\t\t<\/div>\n\t\t<\/section>\n\t\t\t\t<section class=\"elementor-section elementor-top-section elementor-element elementor-element-b0a4943 elementor-section-full_width elementor-section-stretched elementor-section-height-default elementor-section-height-default\" data-id=\"b0a4943\" data-element_type=\"section\" data-e-type=\"section\" data-settings=\"{&quot;stretch_section&quot;:&quot;section-stretched&quot;}\">\n\t\t\t\t\t\t<div class=\"elementor-container elementor-column-gap-default\">\n\t\t\t\t\t<div class=\"elementor-column elementor-col-50 elementor-top-column elementor-element elementor-element-6c73d98\" data-id=\"6c73d98\" data-element_type=\"column\" data-e-type=\"column\" data-settings=\"{&quot;background_background&quot;:&quot;classic&quot;}\">\n\t\t\t<div class=\"elementor-widget-wrap elementor-element-populated\">\n\t\t\t\t\t\t<div class=\"elementor-element elementor-element-edc5266 elementor-widget elementor-widget-heading\" data-id=\"edc5266\" data-element_type=\"widget\" data-e-type=\"widget\" data-widget_type=\"heading.default\">\n\t\t\t\t<div class=\"elementor-widget-container\">\n\t\t\t\t\t<h2 class=\"elementor-heading-title elementor-size-default\">Nehmen Sie Kontakt auf!<\/h2>\t\t\t\t<\/div>\n\t\t\t\t<\/div>\n\t\t\t\t<div class=\"elementor-element elementor-element-784a97f elementor-widget elementor-widget-image\" data-id=\"784a97f\" data-element_type=\"widget\" data-e-type=\"widget\" data-widget_type=\"image.default\">\n\t\t\t\t<div class=\"elementor-widget-container\">\n\t\t\t\t\t\t\t\t\t\t\t\t\t\t\t<img fetchpriority=\"high\" decoding=\"async\" width=\"768\" height=\"573\" src=\"https:\/\/immobilienwelt.com\/wp-content\/uploads\/2023\/06\/3292-Tegernsee-Stp_01-Aussen-Gesamt-Tag_01_klein-768x573.jpg\" class=\"attachment-medium_large size-medium_large wp-image-1249\" alt=\"3292 Tegernsee - Stp_01 Aussen Gesamt Tag_01_klein\" srcset=\"https:\/\/immobilienwelt.com\/wp-content\/uploads\/2023\/06\/3292-Tegernsee-Stp_01-Aussen-Gesamt-Tag_01_klein-768x573.jpg 768w, https:\/\/immobilienwelt.com\/wp-content\/uploads\/2023\/06\/3292-Tegernsee-Stp_01-Aussen-Gesamt-Tag_01_klein-300x224.jpg 300w, https:\/\/immobilienwelt.com\/wp-content\/uploads\/2023\/06\/3292-Tegernsee-Stp_01-Aussen-Gesamt-Tag_01_klein-1024x764.jpg 1024w, https:\/\/immobilienwelt.com\/wp-content\/uploads\/2023\/06\/3292-Tegernsee-Stp_01-Aussen-Gesamt-Tag_01_klein.jpg 1317w\" sizes=\"(max-width: 768px) 100vw, 768px\" \/>\t\t\t\t\t\t\t\t\t\t\t\t\t\t\t<\/div>\n\t\t\t\t<\/div>\n\t\t\t\t<div class=\"elementor-element elementor-element-e6ea16e elementor-align-center elementor-widget elementor-widget-button\" data-id=\"e6ea16e\" data-element_type=\"widget\" data-e-type=\"widget\" data-widget_type=\"button.default\">\n\t\t\t\t<div class=\"elementor-widget-container\">\n\t\t\t\t\t\t\t\t\t<div class=\"elementor-button-wrapper\">\n\t\t\t\t\t<a class=\"elementor-button elementor-button-link elementor-size-sm\" href=\"mailto:info@immobilienwelt.com\">\n\t\t\t\t\t\t<span class=\"elementor-button-content-wrapper\">\n\t\t\t\t\t\t<span class=\"elementor-button-icon\">\n\t\t\t\t<i aria-hidden=\"true\" class=\"fas fa-chevron-right\"><\/i>\t\t\t<\/span>\n\t\t\t\t\t\t\t\t\t<span class=\"elementor-button-text\">Kontakt<\/span>\n\t\t\t\t\t<\/span>\n\t\t\t\t\t<\/a>\n\t\t\t\t<\/div>\n\t\t\t\t\t\t\t\t<\/div>\n\t\t\t\t<\/div>\n\t\t\t\t\t<\/div>\n\t\t<\/div>\n\t\t\t\t<div class=\"elementor-column elementor-col-50 elementor-top-column elementor-element elementor-element-fdb596c\" data-id=\"fdb596c\" data-element_type=\"column\" data-e-type=\"column\" data-settings=\"{&quot;background_background&quot;:&quot;classic&quot;}\">\n\t\t\t<div class=\"elementor-widget-wrap elementor-element-populated\">\n\t\t\t\t\t\t<div class=\"elementor-element elementor-element-2c5ca66 elementor-widget elementor-widget-text-editor\" data-id=\"2c5ca66\" data-element_type=\"widget\" data-e-type=\"widget\" data-widget_type=\"text-editor.default\">\n\t\t\t\t<div class=\"elementor-widget-container\">\n\t\t\t\t\t\t\t\t\t<p>Melden Sie sich bei Fragen zu unseren Immobilienprojekten gerne bei uns.<br \/>Wir rufen Sie zur\u00fcck.<\/p>\t\t\t\t\t\t\t\t<\/div>\n\t\t\t\t<\/div>\n\t\t\t\t<div class=\"elementor-element elementor-element-dc7a6a1 elementor-button-align-stretch elementor-widget elementor-widget-form\" data-id=\"dc7a6a1\" data-element_type=\"widget\" data-e-type=\"widget\" data-settings=\"{&quot;step_next_label&quot;:&quot;N\\u00e4chster&quot;,&quot;step_previous_label&quot;:&quot;Voriger&quot;,&quot;button_width&quot;:&quot;100&quot;,&quot;step_type&quot;:&quot;number_text&quot;,&quot;step_icon_shape&quot;:&quot;circle&quot;}\" data-widget_type=\"form.default\">\n\t\t\t\t<div class=\"elementor-widget-container\">\n\t\t\t\t\t\t\t<form class=\"elementor-form\" method=\"post\" id=\"iw_projektseite_kontakt\" name=\"Projektseite Kontaktformular\" aria-label=\"Projektseite Kontaktformular\">\n\t\t\t<input type=\"hidden\" name=\"post_id\" value=\"298\"\/>\n\t\t\t<input type=\"hidden\" name=\"form_id\" value=\"dc7a6a1\"\/>\n\t\t\t<input type=\"hidden\" name=\"referer_title\" value=\"\" \/>\n\n\t\t\t\n\t\t\t<div class=\"elementor-form-fields-wrapper elementor-labels-\">\n\t\t\t\t\t\t\t\t<div class=\"elementor-field-type-text elementor-field-group elementor-column elementor-field-group-iwname2 elementor-col-100 elementor-field-required\">\n\t\t\t\t\t\t\t\t\t\t\t\t<label for=\"form-field-iwname2\" class=\"elementor-field-label elementor-screen-only\">\n\t\t\t\t\t\t\t\tName\t\t\t\t\t\t\t<\/label>\n\t\t\t\t\t\t\t\t\t\t\t\t\t\t<input size=\"1\" type=\"text\" name=\"form_fields[iwname2]\" id=\"form-field-iwname2\" class=\"elementor-field elementor-size-sm  elementor-field-textual\" placeholder=\"Name\" required=\"required\">\n\t\t\t\t\t\t\t\t\t\t\t<\/div>\n\t\t\t\t\t\t\t\t<div class=\"elementor-field-type-email elementor-field-group elementor-column elementor-field-group-iwemail2 elementor-col-100 elementor-field-required\">\n\t\t\t\t\t\t\t\t\t\t\t\t<label for=\"form-field-iwemail2\" class=\"elementor-field-label elementor-screen-only\">\n\t\t\t\t\t\t\t\tE-Mail\t\t\t\t\t\t\t<\/label>\n\t\t\t\t\t\t\t\t\t\t\t\t\t\t<input size=\"1\" type=\"email\" name=\"form_fields[iwemail2]\" id=\"form-field-iwemail2\" class=\"elementor-field elementor-size-sm  elementor-field-textual\" placeholder=\"E-Mail\" required=\"required\">\n\t\t\t\t\t\t\t\t\t\t\t<\/div>\n\t\t\t\t\t\t\t\t<div class=\"elementor-field-type-text elementor-field-group elementor-column elementor-field-group-field_41e88342 elementor-col-100\">\n\t\t\t\t\t\t\t\t\t\t\t\t<label for=\"form-field-field_41e88342\" class=\"elementor-field-label elementor-screen-only\">\n\t\t\t\t\t\t\t\tTelefonnummer\t\t\t\t\t\t\t<\/label>\n\t\t\t\t\t\t\t\t\t\t\t\t\t\t<input size=\"1\" type=\"text\" name=\"form_fields[field_41e88342]\" id=\"form-field-field_41e88342\" class=\"elementor-field elementor-size-sm  elementor-field-textual\" placeholder=\"Telefonnummer\">\n\t\t\t\t\t\t\t\t\t\t\t<\/div>\n\t\t\t\t\t\t\t\t<div class=\"elementor-field-type-text\">\n\t\t\t\t\t<input size=\"1\" type=\"text\" name=\"form_fields[field_488c7462]\" id=\"form-field-field_488c7462\" class=\"elementor-field elementor-size-sm \" style=\"display:none !important;\">\t\t\t\t<\/div>\n\t\t\t\t\t\t\t\t<div class=\"elementor-field-type-textarea elementor-field-group elementor-column elementor-field-group-iwmessage2 elementor-col-100\">\n\t\t\t\t\t\t\t\t\t\t\t\t<label for=\"form-field-iwmessage2\" class=\"elementor-field-label elementor-screen-only\">\n\t\t\t\t\t\t\t\tNachricht\t\t\t\t\t\t\t<\/label>\n\t\t\t\t\t\t<textarea class=\"elementor-field-textual elementor-field  elementor-size-sm\" name=\"form_fields[iwmessage2]\" id=\"form-field-iwmessage2\" rows=\"5\" placeholder=\"Nachricht\"><\/textarea>\t\t\t\t<\/div>\n\t\t\t\t\t\t\t\t<div class=\"elementor-field-type-text\">\n\t\t\t\t\t<input size=\"1\" type=\"text\" name=\"form_fields[field_c69f4e92]\" id=\"form-field-field_c69f4e92\" class=\"elementor-field elementor-size-sm \" style=\"display:none !important;\">\t\t\t\t<\/div>\n\t\t\t\t\t\t\t\t<div class=\"elementor-field-group elementor-column elementor-field-type-submit elementor-col-100 e-form__buttons\">\n\t\t\t\t\t<button class=\"elementor-button elementor-size-sm\" type=\"submit\">\n\t\t\t\t\t\t<span class=\"elementor-button-content-wrapper\">\n\t\t\t\t\t\t\t\t\t\t\t\t\t\t\t\t\t\t\t\t\t\t<span class=\"elementor-button-text\">Senden<\/span>\n\t\t\t\t\t\t\t\t\t\t\t\t\t<\/span>\n\t\t\t\t\t<\/button>\n\t\t\t\t<\/div>\n\t\t\t<\/div>\n\t\t<\/form>\n\t\t\t\t\t\t<\/div>\n\t\t\t\t<\/div>\n\t\t\t\t<div class=\"elementor-element elementor-element-9cc834d elementor-widget elementor-widget-text-editor\" data-id=\"9cc834d\" data-element_type=\"widget\" data-e-type=\"widget\" data-widget_type=\"text-editor.default\">\n\t\t\t\t<div class=\"elementor-widget-container\">\n\t\t\t\t\t\t\t\t\tIhre Daten werden zur Beantwortung Ihrer Anfrage verwendet. Der Verwendung Ihrer Daten k\u00f6nnen Sie jederzeit widersprechen, ohne dass hierf\u00fcr andere als die \u00dcbermittlungskosten nach den Basistarifen Ihres Internetproviders entstehen. Weitere Informationen erhalten Sie in der<span style=\"color: #333333;\"> <a style=\"text-decoration: underline; font-size: 1em; color: #333333;\" href=\"https:\/\/immobilienwelt.com\/datenschutz\/\" target=\"_blank\" rel=\"noopener\">Datenschutzerkl\u00e4rung<\/a><\/span>\t\t\t\t\t\t\t\t<\/div>\n\t\t\t\t<\/div>\n\t\t\t\t\t<\/div>\n\t\t<\/div>\n\t\t\t\t\t<\/div>\n\t\t<\/section>\n\t\t\t\t<\/div>\n\t\t","protected":false},"excerpt":{"rendered":"<p>Immobilienprojekte Immobilien-projekte Neubauprojekt &#8220;Kaiserblick am Tegernsee&#8221; VERKAUFT Neubauprojekt &#8220;K\u00f6nigsblick am Paraplui&#8221; am Leeberg in Tegernsee Nehmen Sie Kontakt auf! Kontakt Melden Sie sich bei Fragen zu unseren Immobilienprojekten gerne bei uns.Wir rufen Sie zur\u00fcck. Ihre Daten werden zur Beantwortung Ihrer Anfrage verwendet. Der Verwendung Ihrer Daten k\u00f6nnen Sie jederzeit widersprechen, ohne dass hierf\u00fcr andere als [&hellip;]<\/p>\n","protected":false},"author":1,"featured_media":0,"parent":0,"menu_order":0,"comment_status":"closed","ping_status":"closed","template":"","meta":{"_acf_changed":false,"wp_typography_post_enhancements_disabled":false,"footnotes":""},"class_list":["post-298","page","type-page","status-publish","hentry"],"acf":[],"_links":{"self":[{"href":"https:\/\/immobilienwelt.com\/en\/wp-json\/wp\/v2\/pages\/298","targetHints":{"allow":["GET"]}}],"collection":[{"href":"https:\/\/immobilienwelt.com\/en\/wp-json\/wp\/v2\/pages"}],"about":[{"href":"https:\/\/immobilienwelt.com\/en\/wp-json\/wp\/v2\/types\/page"}],"author":[{"embeddable":true,"href":"https:\/\/immobilienwelt.com\/en\/wp-json\/wp\/v2\/users\/1"}],"replies":[{"embeddable":true,"href":"https:\/\/immobilienwelt.com\/en\/wp-json\/wp\/v2\/comments?post=298"}],"version-history":[{"count":52,"href":"https:\/\/immobilienwelt.com\/en\/wp-json\/wp\/v2\/pages\/298\/revisions"}],"predecessor-version":[{"id":2621,"href":"https:\/\/immobilienwelt.com\/en\/wp-json\/wp\/v2\/pages\/298\/revisions\/2621"}],"wp:attachment":[{"href":"https:\/\/immobilienwelt.com\/en\/wp-json\/wp\/v2\/media?parent=298"}],"curies":[{"name":"wp","href":"https:\/\/api.w.org\/{rel}","templated":true}]}}