{"id":302,"date":"2023-05-18T17:56:17","date_gmt":"2023-05-18T17:56:17","guid":{"rendered":"https:\/\/immobilienwelt.entwicklungen.info\/?page_id=302"},"modified":"2025-05-20T10:25:23","modified_gmt":"2025-05-20T08:25:23","slug":"impressum","status":"publish","type":"page","link":"https:\/\/immobilienwelt.com\/en\/impressum\/","title":{"rendered":"Imprint"},"content":{"rendered":"<div data-elementor-type=\"wp-page\" data-elementor-id=\"302\" class=\"elementor elementor-302\" data-elementor-post-type=\"page\">\n\t\t\t\t\t\t<section class=\"elementor-section elementor-top-section elementor-element elementor-element-87371e1 elementor-section-boxed elementor-section-height-default elementor-section-height-default\" data-id=\"87371e1\" data-element_type=\"section\" data-e-type=\"section\">\n\t\t\t\t\t\t<div class=\"elementor-container elementor-column-gap-default\">\n\t\t\t\t\t<div class=\"elementor-column elementor-col-100 elementor-top-column elementor-element elementor-element-409d9d7\" data-id=\"409d9d7\" data-element_type=\"column\" data-e-type=\"column\">\n\t\t\t<div class=\"elementor-widget-wrap elementor-element-populated\">\n\t\t\t\t\t\t<div class=\"elementor-element elementor-element-124f7ae elementor-widget elementor-widget-heading\" data-id=\"124f7ae\" data-element_type=\"widget\" data-e-type=\"widget\" data-widget_type=\"heading.default\">\n\t\t\t\t<div class=\"elementor-widget-container\">\n\t\t\t\t\t<h1 class=\"elementor-heading-title elementor-size-default\">Imprint<\/h1>\t\t\t\t<\/div>\n\t\t\t\t<\/div>\n\t\t\t\t<div class=\"elementor-element elementor-element-4fb5dd0 elementor-widget elementor-widget-text-editor\" data-id=\"4fb5dd0\" data-element_type=\"widget\" data-e-type=\"widget\" data-widget_type=\"text-editor.default\">\n\t\t\t\t<div class=\"elementor-widget-container\">\n\t\t\t\t\t\t\t\t\t<p><strong>Immo\u00adbi\u00adli\u00aden\u00adwelt Rehage &amp;&nbsp;Part\u00adner GmbH&nbsp;<\/strong><br>S\u00fcdli\u00adche Haupt\u00adstra\u00dfe 7<br>D-83700 Rottach-Egern<\/p><p><strong>Fon:<\/strong> <span style=\"color: #333333;\"><a style=\"color: #333333;\" href=\"http:\/\/+49802224081\" data-wplink-url-error=\"true\" rel=\"nofollow\">+49 8022 \u2013 240 81<\/a><\/span><br><strong>Fax:<\/strong> +49 8022 \u2013 67 00 07<br><strong>E-Mail:<\/strong> <span style=\"color: #333333;\"><a style=\"color: #333333;\" href=\"mailto:info@immobilienwelt.com\">info@\u200bimmobilienwelt.\u200bcom<\/a><\/span><\/p>\t\t\t\t\t\t\t\t<\/div>\n\t\t\t\t<\/div>\n\t\t\t\t<div class=\"elementor-element elementor-element-d360d59 elementor-widget elementor-widget-text-editor\" data-id=\"d360d59\" data-element_type=\"widget\" data-e-type=\"widget\" data-widget_type=\"text-editor.default\">\n\t\t\t\t<div class=\"elementor-widget-container\">\n\t\t\t\t\t\t\t\t\t<p><strong>Mana\u00adging Part\u00adner<\/strong><br>Wolf\u00adgang B\u00f6tsch<br>HRB M\u00fcnchen&nbsp;102611<\/p><p>Busi\u00adness licence accor\u00adding to \u00a734c GewO<br>Compe\u00adtent super\u00advi\u00adsory autho\u00adrity:<br>Indus\u00adtrie- und Handels\u00adkam\u00admer f\u00fcr M\u00fcnchen und Ober\u00adbay\u00adern,<br>Max-Joseph-Stra\u00dfe 2, 80333 M\u00fcnchen,<br>www\u200b.ihk\u200b-muen\u200bchen\u200b.de<\/p><p>Busi\u00adness liabi\u00adlity insu\u00adrance: Gothaer Versi\u00adche\u00adrung AG,<br>Gene\u00adral Agency Rottach-Egern<\/p><p><strong>VAT Regis\u00adtra\u00adtion number:<\/strong> DE157152434<\/p>\t\t\t\t\t\t\t\t<\/div>\n\t\t\t\t<\/div>\n\t\t\t\t<div class=\"elementor-element elementor-element-c676912 elementor-widget elementor-widget-text-editor\" data-id=\"c676912\" data-element_type=\"widget\" data-e-type=\"widget\" data-widget_type=\"text-editor.default\">\n\t\t\t\t<div class=\"elementor-widget-container\">\n\t\t\t\t\t\t\t\t\t<p><strong>Consu\u00admer infor\u00adma\u00adtion on online dispute reso\u00adlu\u00adtion pursu\u00adant to \u00a7\u00a7 36 and 37 VsbG and Regu\u00adla\u00adtion (EU) No. 524\/2013:<\/strong><br><strong>We do not parti\u00adci\u00adpate in dispute reso\u00adlu\u00adtion procee\u00addings before a&nbsp;consu\u00admer arbi\u00adtra\u00adtion&nbsp;board.<\/strong><\/p>\t\t\t\t\t\t\t\t<\/div>\n\t\t\t\t<\/div>\n\t\t\t\t<div class=\"elementor-element elementor-element-6cbc774 elementor-widget elementor-widget-text-editor\" data-id=\"6cbc774\" data-element_type=\"widget\" data-e-type=\"widget\" data-widget_type=\"text-editor.default\">\n\t\t\t\t<div class=\"elementor-widget-container\">\n\t\t\t\t\t\t\t\t\t<p>In the event of a&nbsp;consu\u00admer dispute that has alre\u00adady arisen, we are obli\u00adged pursu\u00adant to \u00a7 37 VsbG to inform you of the compe\u00adtent arbi\u00adtra\u00adtion board.<br>Zust\u00e4n\u00addig: Univer\u00adsal\u00adsch\u00adlich\u00adtungs\u00adstelle des Bundes am Zentrum f\u00fcr Schlich\u00adtung e.V., Stra\u00df\u00adbur\u00adger Stra\u00dfe 8&nbsp;in 77694 Kehl am Rhein <br>(www\u200b.verbrau\u200bcher\u200b-schlich\u200bter\u200b.de)<\/p>\t\t\t\t\t\t\t\t<\/div>\n\t\t\t\t<\/div>\n\t\t\t\t<div class=\"elementor-element elementor-element-7a3b9c0 elementor-widget elementor-widget-heading\" data-id=\"7a3b9c0\" data-element_type=\"widget\" data-e-type=\"widget\" data-widget_type=\"heading.default\">\n\t\t\t\t<div class=\"elementor-widget-container\">\n\t\t\t\t\t<h3 class=\"elementor-heading-title elementor-size-default\">Disclaimer<\/h3>\t\t\t\t<\/div>\n\t\t\t\t<\/div>\n\t\t\t\t<div class=\"elementor-element elementor-element-17aab08 elementor-widget elementor-widget-text-editor\" data-id=\"17aab08\" data-element_type=\"widget\" data-e-type=\"widget\" data-widget_type=\"text-editor.default\">\n\t\t\t\t<div class=\"elementor-widget-container\">\n\t\t\t\t\t\t\t\t\t<div class=\"col-m-6 column-s\"><p class=\"editor-title\"><strong>Liabi\u00adlity for contents<\/strong><\/p><p>The contents of our pages were crea\u00adted with the grea\u00adtest care. Howe\u00adver, we cannot assume any liabi\u00adlity for the correct\u00adness, comple\u00adten\u00adess and up-to-daten\u00adess of the contents.<br><br><\/p><p class=\"editor-title\"><strong>Liabi\u00adlity for&nbsp;links<\/strong><\/p><p>Our offer conta\u00adins links to exter\u00adnal websites of third parties, on whose contents we have no influence. Ther\u00ade\u00adfore, we cannot assume any liabi\u00adlity for these exter\u00adnal contents. The respec\u00adtive provi\u00adder or opera\u00adtor of the pages is always respon\u00adsi\u00adble for the content of the linked pages. The linked pages were checked for possi\u00adble legal viola\u00adti\u00adons at the time of linking. Ille\u00adgal contents were not reco\u00adg\u00adnisable at the time of linking. Howe\u00adver, perma\u00adnent moni\u00adto\u00adring of the content of the linked pages is not reasonable without concrete indi\u00adca\u00adti\u00adons of a&nbsp;legal viola\u00adtion. If we become aware of any infrin\u00adge\u00adments, we will remove such links immediately.<br><br><\/p><\/div><div class=\"col-m-6 column-s\"><p class=\"editor-title\"><strong>Copy\u00adright<\/strong><\/p><p>The opera\u00adtors of the pages always endea\u00advour to respect the copy\u00adrights of others or to use their own works or works in the public domain. The contents and works crea\u00adted by the site opera\u00adtors on these pages are subject to German copy\u00adright law. Contri\u00adbu\u00adti\u00adons by third parties are marked as such. The repro\u00adduc\u00adtion, editing, distri\u00adbu\u00adtion and any kind of utili\u00adsa\u00adtion outside the limits of copy\u00adright law require the writ\u00adten consent of the respec\u00adtive author or crea\u00adtor. Down\u00adloads and copies of this site are only permit\u00adted for private, non-commer\u00adcial&nbsp;use.<\/p><\/div>\t\t\t\t\t\t\t\t<\/div>\n\t\t\t\t<\/div>\n\t\t\t\t\t<\/div>\n\t\t<\/div>\n\t\t\t\t\t<\/div>\n\t\t<\/section>\n\t\t\t\t<\/div>","protected":false},"excerpt":{"rendered":"<p>Impressum Immobilienwelt Rehage &amp; Partner GmbHS\u00fcdliche Hauptstra\u00dfe 7D-83700 Rottach-Egern Fon: +49 8022 \u2013 240 81Fax: +49 8022 \u2013 67 00 07E-Mail: info@immobilienwelt.com Gesch\u00e4ftsf\u00fchrender Gesellschafter:Wolfgang B\u00f6tschHRB M\u00fcnchen 102611 Erlaubnis nach \u00a7 34 c Abs. 1 GewO,Zust\u00e4ndige Aufsichtsbeh\u00f6rde:Industrie- und Handelskammer f\u00fcr M\u00fcnchen und Oberbayern,Max-Joseph-Stra\u00dfe 2, 80333 M\u00fcnchen,www.ihk-muenchen.de Betriebshaftpflichtversicherung: Gothaer Versicherung AG,Generalagentur Rottach-Egern Ust.ID.: DE157152434 Verbraucherinformation zur Online-Streitbeilegung [&hellip;]<\/p>\n","protected":false},"author":1,"featured_media":0,"parent":0,"menu_order":0,"comment_status":"closed","ping_status":"closed","template":"","meta":{"_acf_changed":false,"wp_typography_post_enhancements_disabled":false,"footnotes":""},"class_list":["post-302","page","type-page","status-publish","hentry"],"acf":[],"_links":{"self":[{"href":"https:\/\/immobilienwelt.com\/en\/wp-json\/wp\/v2\/pages\/302","targetHints":{"allow":["GET"]}}],"collection":[{"href":"https:\/\/immobilienwelt.com\/en\/wp-json\/wp\/v2\/pages"}],"about":[{"href":"https:\/\/immobilienwelt.com\/en\/wp-json\/wp\/v2\/types\/page"}],"author":[{"embeddable":true,"href":"https:\/\/immobilienwelt.com\/en\/wp-json\/wp\/v2\/users\/1"}],"replies":[{"embeddable":true,"href":"https:\/\/immobilienwelt.com\/en\/wp-json\/wp\/v2\/comments?post=302"}],"version-history":[{"count":58,"href":"https:\/\/immobilienwelt.com\/en\/wp-json\/wp\/v2\/pages\/302\/revisions"}],"predecessor-version":[{"id":3421,"href":"https:\/\/immobilienwelt.com\/en\/wp-json\/wp\/v2\/pages\/302\/revisions\/3421"}],"wp:attachment":[{"href":"https:\/\/immobilienwelt.com\/en\/wp-json\/wp\/v2\/media?parent=302"}],"curies":[{"name":"wp","href":"https:\/\/api.w.org\/{rel}","templated":true}]}}